{"id":47,"date":"2009-01-24T13:33:18","date_gmt":"2009-01-24T12:33:18","guid":{"rendered":"http:\/\/casa-felix.peterbrinkhoff.de\/?page_id=47"},"modified":"2012-02-28T20:47:21","modified_gmt":"2012-02-28T18:47:21","slug":"haus","status":"publish","type":"page","link":"https:\/\/casa-felix.petaprojects.de\/?page_id=47","title":{"rendered":"Haus"},"content":{"rendered":"<p>Unser Ferienhaus ist unterteilt in 2 Wohnbereiche. Bitte erfahren Sie mehr \u00fcber das oasenm\u00e4\u00dfig gelegene Haus, das auch noch g\u00fcnstig ist:<\/p>\nngg_shortcode_0_placeholder\n<p>Lage &amp; Umgebung:<\/p>\n<ul>\n<li>ruhige Lage, etwas am Hang, daher sch\u00f6ner Ausblick auf Stadt und Meer<\/li>\n<li>2,5 km zum Stadtkern von D\u00e9nia<\/li>\n<li>2,5 km zum Meer. D\u00e9nia hat ca. 20 km Strand, so dass man sich den sch\u00f6nsten Strandabschnitt nach eigenen W\u00fcnschen aussuchen kann<\/li>\n<li>Superm\u00e4rkte am Stadtrand und im Zentrum von D\u00e9nia (Mercadona 3x, Lidl 3x, Aldi, EROSKI und weitere)<\/li>\n<li>Montagsmarkt, t\u00e4glicher gr\u00fcner Markt im Stadtzentrum und t\u00e4glicher Fisch-Versteigerungs-Markt am Hafen<\/li>\n<li>Touristen-B\u00fcro am Hafen (lilablaues Haus\/casa turistica) &#8211; Informationen zu Ausfl\u00fcgen (Ibiza per Schiff, Benidorm per Bus) und Konzertveranstaltungen  (z.B. auf der Burg von D\u00e9nia)<\/li>\n<li>30 km zum Safaripark in der N\u00e4he von \u201eVergel\u201c<\/li>\n<li>30 km zur \u201eCova del Rull\u201c &#8211; eine wundersch\u00f6ne Grotte<\/li>\n<li>50 km zum Wasserpark (Aqualandia) Benidorm<\/li>\n<li>50 km zum Terram\u00edticapark Freizeitpark nahe Benidorm<\/li>\n<li>100 km zum Oceanografico Valencia<\/li>\n<\/ul>\n<p>Ausstattung (oberer Wohnbereich):<\/p>\n<ul>\n<li>2 Schlafzimmer<\/li>\n<li>Wohnzimmer mit ausziehbarem Sofa, offenem Kamin und Essecke<\/li>\n<li>getrennter Eingang und gute Isolierung der Wohnbereiche gegeneinander<\/li>\n<li>komplette Einrichtung f\u00fcr 5\/6 Personen<\/li>\n<li>Mikrowelle und Elektro-Herd mit Ofen<\/li>\n<li>Sp\u00fclmaschine<\/li>\n<li>Waschmaschine<\/li>\n<li>Fernseher mit Satelliten-Anlage, Radio mit AUX-Eingang (deutscher Radioempfang)<\/li>\n<li>Klimaanlage (auch als Heizung zu benutzen)<\/li>\n<li>M\u00fcckenschutzgitter an den Fenstern<\/li>\n<li>\u00fcberdachte Terrasse\/offene Terrasse (je Wohnbereich)<\/li>\n<li>Dachterrasse\/Balkon (zus\u00e4tzlich f\u00fcr oberen Wohnbereich)<\/li>\n<li>Terrassenm\u00f6beln<\/li>\n<li>2 Liegest\u00fchlen mit Auflagen<\/li>\n<li>gro\u00dfer abschlie\u00dfbarer PKW-Stellplatz \/ Garage<\/li>\n<li>1 Mountainbike (f\u00fcr jeden benutzbar)<\/li>\n<\/ul>\n<p>Die R\u00e4ume sind hell und gepflegt. Pool und Garten mit Tischtennisplatte sind geeignet f\u00fcr jedes Alter und bieten alle Voraussetzungen zum Spielen, Erholen und um sich richtig wohl zu f\u00fchlen. Bei Problemen und Fragen gibt es eine Hausverwalterin oder uns.<\/p>\nngg_shortcode_1_placeholder\n","protected":false},"excerpt":{"rendered":"<p>Unser Ferienhaus ist unterteilt in 2 Wohnbereiche. Bitte erfahren Sie mehr \u00fcber das oasenm\u00e4\u00dfig gelegene Haus, das auch noch g\u00fcnstig ist: Lage &amp; Umgebung: ruhige Lage, etwas am Hang, daher sch\u00f6ner Ausblick auf Stadt und Meer 2,5 km zum Stadtkern von D\u00e9nia 2,5 km zum Meer. D\u00e9nia hat ca. 20 km Strand, so dass man [&hellip;]<\/p>\n","protected":false},"author":1,"featured_media":0,"parent":0,"menu_order":2,"comment_status":"closed","ping_status":"closed","template":"","meta":{"ngg_post_thumbnail":0,"footnotes":""},"class_list":["post-47","page","type-page","status-publish","hentry"],"_links":{"self":[{"href":"https:\/\/casa-felix.petaprojects.de\/index.php?rest_route=\/wp\/v2\/pages\/47","targetHints":{"allow":["GET"]}}],"collection":[{"href":"https:\/\/casa-felix.petaprojects.de\/index.php?rest_route=\/wp\/v2\/pages"}],"about":[{"href":"https:\/\/casa-felix.petaprojects.de\/index.php?rest_route=\/wp\/v2\/types\/page"}],"author":[{"embeddable":true,"href":"https:\/\/casa-felix.petaprojects.de\/index.php?rest_route=\/wp\/v2\/users\/1"}],"replies":[{"embeddable":true,"href":"https:\/\/casa-felix.petaprojects.de\/index.php?rest_route=%2Fwp%2Fv2%2Fcomments&post=47"}],"version-history":[{"count":3,"href":"https:\/\/casa-felix.petaprojects.de\/index.php?rest_route=\/wp\/v2\/pages\/47\/revisions"}],"predecessor-version":[{"id":71,"href":"https:\/\/casa-felix.petaprojects.de\/index.php?rest_route=\/wp\/v2\/pages\/47\/revisions\/71"}],"wp:attachment":[{"href":"https:\/\/casa-felix.petaprojects.de\/index.php?rest_route=%2Fwp%2Fv2%2Fmedia&parent=47"}],"curies":[{"name":"wp","href":"https:\/\/api.w.org\/{rel}","templated":true}]}}